{"id":7675,"date":"2023-06-15T02:15:00","date_gmt":"2023-06-15T02:15:00","guid":{"rendered":"https:\/\/karolynhuum.com\/kontakt\/"},"modified":"2024-09-05T16:09:39","modified_gmt":"2024-09-05T16:09:39","slug":"kontakt","status":"publish","type":"page","link":"https:\/\/karolynhuum.com\/et\/kontakt\/","title":{"rendered":"Kontakt"},"content":{"rendered":"\t\t<div data-elementor-type=\"wp-page\" data-elementor-id=\"7675\" class=\"elementor elementor-7675 elementor-159\" data-elementor-post-type=\"page\">\n\t\t\t\t<div class=\"elementor-element elementor-element-748bd57 e-flex e-con-boxed e-con e-parent\" data-id=\"748bd57\" data-element_type=\"container\" data-e-type=\"container\">\n\t\t\t\t\t<div class=\"e-con-inner\">\n\t\t\t\t<div class=\"elementor-element elementor-element-6854afb elementor-widget elementor-widget-heading\" data-id=\"6854afb\" data-element_type=\"widget\" data-e-type=\"widget\" data-widget_type=\"heading.default\">\n\t\t\t\t<div class=\"elementor-widget-container\">\n\t\t\t\t\t<h2 class=\"elementor-heading-title elementor-size-default\">V\u00f5ta meiega \u00fchendust<\/h2>\t\t\t\t<\/div>\n\t\t\t\t<\/div>\n\t\t\t\t\t<\/div>\n\t\t\t\t<\/div>\n\t\t<div class=\"elementor-element elementor-element-2330400 e-flex e-con-boxed e-con e-parent\" data-id=\"2330400\" data-element_type=\"container\" data-e-type=\"container\">\n\t\t\t\t\t<div class=\"e-con-inner\">\n\t\t<div class=\"elementor-element elementor-element-f8f310a e-con-full e-flex e-con e-child\" data-id=\"f8f310a\" data-element_type=\"container\" data-e-type=\"container\">\n\t\t\t\t<div class=\"elementor-element elementor-element-fcc7b1c elementor-widget elementor-widget-heading\" data-id=\"fcc7b1c\" data-element_type=\"widget\" data-e-type=\"widget\" data-widget_type=\"heading.default\">\n\t\t\t\t<div class=\"elementor-widget-container\">\n\t\t\t\t\t<h2 class=\"elementor-heading-title elementor-size-default\">Saada meile kiri<\/h2>\t\t\t\t<\/div>\n\t\t\t\t<\/div>\n\t\t\t\t<div class=\"elementor-element elementor-element-07f94ec elementor-widget__width-initial elementor-widget elementor-widget-text-editor\" data-id=\"07f94ec\" data-element_type=\"widget\" data-e-type=\"widget\" data-widget_type=\"text-editor.default\">\n\t\t\t\t<div class=\"elementor-widget-container\">\n\t\t\t\t\t\t\t\t\t<p>T\u00e4itke allolev vorm. valige teema, kirjutage oma k\u00fcsimus v\u00f5i kommentaar ning me v\u00f5tame teiega esimesel v\u00f5imalusel \u00fchendust.<\/p>\n\t\t\t\t\t\t\t\t<\/div>\n\t\t\t\t<\/div>\n\t\t\t\t<\/div>\n\t\t<div class=\"elementor-element elementor-element-974b5af e-con-full e-flex e-con e-child\" data-id=\"974b5af\" data-element_type=\"container\" data-e-type=\"container\">\n\t\t\t\t<div class=\"elementor-element elementor-element-74356cc elementor-widget elementor-widget-image\" data-id=\"74356cc\" data-element_type=\"widget\" data-e-type=\"widget\" data-widget_type=\"image.default\">\n\t\t\t\t<div class=\"elementor-widget-container\">\n\t\t\t\t\t\t\t\t\t\t\t\t\t\t\t<img fetchpriority=\"high\" decoding=\"async\" width=\"768\" height=\"768\" src=\"https:\/\/karolynhuum.com\/wp-content\/uploads\/2023\/10\/canvas-in-18x24-wall-653154b25750d-768x768.jpg\" class=\"attachment-medium_large size-medium_large wp-image-7449\" alt=\"\" srcset=\"https:\/\/karolynhuum.com\/wp-content\/uploads\/2023\/10\/canvas-in-18x24-wall-653154b25750d-768x768.jpg 768w, https:\/\/karolynhuum.com\/wp-content\/uploads\/2023\/10\/canvas-in-18x24-wall-653154b25750d-100x100.jpg 100w, https:\/\/karolynhuum.com\/wp-content\/uploads\/2023\/10\/canvas-in-18x24-wall-653154b25750d-850x850.jpg 850w, https:\/\/karolynhuum.com\/wp-content\/uploads\/2023\/10\/canvas-in-18x24-wall-653154b25750d-300x300.jpg 300w, https:\/\/karolynhuum.com\/wp-content\/uploads\/2023\/10\/canvas-in-18x24-wall-653154b25750d-150x150.jpg 150w, https:\/\/karolynhuum.com\/wp-content\/uploads\/2023\/10\/canvas-in-18x24-wall-653154b25750d-460x460.jpg 460w, https:\/\/karolynhuum.com\/wp-content\/uploads\/2023\/10\/canvas-in-18x24-wall-653154b25750d.jpg 1000w\" sizes=\"(max-width: 768px) 100vw, 768px\" \/>\t\t\t\t\t\t\t\t\t\t\t\t\t\t\t<\/div>\n\t\t\t\t<\/div>\n\t\t\t\t<\/div>\n\t\t\t\t\t<\/div>\n\t\t\t\t<\/div>\n\t\t\t\t<\/div>\n\t\t","protected":false},"excerpt":{"rendered":"<p>V\u00f5ta meiega \u00fchendust Saada meile kiri T\u00e4itke allolev vorm. valige teema, kirjutage oma k\u00fcsimus v\u00f5i kommentaar ning me v\u00f5tame teiega esimesel v\u00f5imalusel \u00fchendust.<\/p>\n","protected":false},"author":1,"featured_media":0,"parent":0,"menu_order":0,"comment_status":"closed","ping_status":"closed","template":"elementor_header_footer","meta":{"footnotes":""},"class_list":["post-7675","page","type-page","status-publish","hentry"],"_links":{"self":[{"href":"https:\/\/karolynhuum.com\/et\/wp-json\/wp\/v2\/pages\/7675","targetHints":{"allow":["GET"]}}],"collection":[{"href":"https:\/\/karolynhuum.com\/et\/wp-json\/wp\/v2\/pages"}],"about":[{"href":"https:\/\/karolynhuum.com\/et\/wp-json\/wp\/v2\/types\/page"}],"author":[{"embeddable":true,"href":"https:\/\/karolynhuum.com\/et\/wp-json\/wp\/v2\/users\/1"}],"replies":[{"embeddable":true,"href":"https:\/\/karolynhuum.com\/et\/wp-json\/wp\/v2\/comments?post=7675"}],"version-history":[{"count":5,"href":"https:\/\/karolynhuum.com\/et\/wp-json\/wp\/v2\/pages\/7675\/revisions"}],"predecessor-version":[{"id":8322,"href":"https:\/\/karolynhuum.com\/et\/wp-json\/wp\/v2\/pages\/7675\/revisions\/8322"}],"wp:attachment":[{"href":"https:\/\/karolynhuum.com\/et\/wp-json\/wp\/v2\/media?parent=7675"}],"curies":[{"name":"wp","href":"https:\/\/api.w.org\/{rel}","templated":true}]}}