{"id":7631,"date":"2023-06-15T02:14:29","date_gmt":"2023-06-15T02:14:29","guid":{"rendered":"https:\/\/karolynhuum.com\/kunstnikust\/"},"modified":"2025-09-20T10:15:13","modified_gmt":"2025-09-20T10:15:13","slug":"kunstnikust","status":"publish","type":"page","link":"https:\/\/karolynhuum.com\/et\/kunstnikust\/","title":{"rendered":"Kunstnikust"},"content":{"rendered":"\t\t<div data-elementor-type=\"wp-page\" data-elementor-id=\"7631\" class=\"elementor elementor-7631 elementor-146\" data-elementor-post-type=\"page\">\n\t\t\t\t<div class=\"elementor-element elementor-element-2dfb617 e-flex e-con-boxed e-con e-parent\" data-id=\"2dfb617\" data-element_type=\"container\" data-e-type=\"container\">\n\t\t\t\t\t<div class=\"e-con-inner\">\n\t\t\t\t<div class=\"elementor-element elementor-element-3159761 elementor-widget elementor-widget-text-editor\" data-id=\"3159761\" data-element_type=\"widget\" data-e-type=\"widget\" data-widget_type=\"text-editor.default\">\n\t\t\t\t<div class=\"elementor-widget-container\">\n\t\t\t\t\t\t\t\t\t<p>Kunstnikust endast<\/p>\n\t\t\t\t\t\t\t\t<\/div>\n\t\t\t\t<\/div>\n\t\t\t\t<div class=\"elementor-element elementor-element-5fdd23f testimonial-layout-2 elementor-hidden-desktop elementor-hidden-laptop elementor-hidden-tablet_extra elementor-hidden-tablet elementor-hidden-mobile_extra elementor-hidden-mobile arrow-style-1 elementor-widget elementor-widget-postero-testimonials\" data-id=\"5fdd23f\" data-element_type=\"widget\" data-e-type=\"widget\" data-settings=\"{&quot;testimonial_layout&quot;:&quot;2&quot;}\" data-widget_type=\"postero-testimonials.default\">\n\t\t\t\t<div class=\"elementor-widget-container\">\n\t\t\t\t\t            <div class=\"elementor-testimonial-item-wrapper\">\n                <div class=\"layout-2 alignment-center d-grid\">\n                                            <div class=\"grid-item elementor-testimonial-item\">\n                                                        <div class=\"testimonial-content\">\n                                                                                                                                    <div class=\"content\">\u201d I believe that we all have some kind of pain. However, this does not necessarily mean suffering.\nI use my negative emotions and pain and create something beautiful into this World instead.\u201d<\/div>\n                                                                <div class=\"details\">\n                                                                        <div class=\"details-info\">\n                                        <span class=\"name\">K\u00e4rolyn Huum<\/span>                                                                                     <span class=\"job\">The Artist<\/span>\n                                                                            <\/div>\n\n                                <\/div>\n                            <\/div>\n                        <\/div>\n                                    <\/div>\n            <\/div>\n                                \t\t\t\t<\/div>\n\t\t\t\t<\/div>\n\t\t\t\t<div class=\"elementor-element elementor-element-6b9fa07 elementor-button-outline elementor-align-center elementor-widget elementor-widget-button\" data-id=\"6b9fa07\" data-element_type=\"widget\" data-e-type=\"widget\" data-widget_type=\"button.default\">\n\t\t\t\t<div class=\"elementor-widget-container\">\n\t\t\t\t\t\t\t\t\t<div class=\"elementor-button-wrapper\">\n\t\t\t\t\t<a class=\"elementor-button elementor-button-link elementor-size-sm\" href=\"https:\/\/karolynhuum.com\/shop\/\">\n\t\t\t\t\t\t<span class=\"elementor-button-content-wrapper\">\n\t\t\t\t\t\t<span class=\"elementor-button-icon\">\n\t\t\t\t<i aria-hidden=\"true\" class=\"postero-icon- postero-icon-chevron-right\"><\/i>\t\t\t<\/span>\n\t\t\t\t\t\t\t\t\t<span class=\"elementor-button-text\">Koopiad<\/span>\n\t\t\t\t\t<\/span>\n\t\t\t\t\t<\/a>\n\t\t\t\t<\/div>\n\t\t\t\t\t\t\t\t<\/div>\n\t\t\t\t<\/div>\n\t\t\t\t\t<\/div>\n\t\t\t\t<\/div>\n\t\t<div class=\"elementor-element elementor-element-d0222df e-flex e-con-boxed e-con e-parent\" data-id=\"d0222df\" data-element_type=\"container\" data-e-type=\"container\">\n\t\t\t\t\t<div class=\"e-con-inner\">\n\t\t<div class=\"elementor-element elementor-element-2f26a8d e-con-full e-flex e-con e-child\" data-id=\"2f26a8d\" data-element_type=\"container\" data-e-type=\"container\" data-settings=\"{&quot;background_background&quot;:&quot;classic&quot;}\">\n\t\t<div class=\"elementor-element elementor-element-cfb8274 e-con-full e-flex e-con e-child\" data-id=\"cfb8274\" data-element_type=\"container\" data-e-type=\"container\">\n\t\t\t\t<div class=\"elementor-element elementor-element-4cc854d elementor-widget elementor-widget-heading\" data-id=\"4cc854d\" data-element_type=\"widget\" data-e-type=\"widget\" data-widget_type=\"heading.default\">\n\t\t\t\t<div class=\"elementor-widget-container\">\n\t\t\t\t\t<h2 class=\"elementor-heading-title elementor-size-default\">K\u00e4rolyni lugu<\/h2>\t\t\t\t<\/div>\n\t\t\t\t<\/div>\n\t\t\t\t<div class=\"elementor-element elementor-element-c3fee99 elementor-widget elementor-widget-text-editor\" data-id=\"c3fee99\" data-element_type=\"widget\" data-e-type=\"widget\" data-widget_type=\"text-editor.default\">\n\t\t\t\t<div class=\"elementor-widget-container\">\n\t\t\t\t\t\t\t\t\t<p>Minu nimi on K\u00e4rolyn Huum ja ma olen ise\u00f5ppinud kunstnik. S\u00fcndisin 17. mail 1997. Olen 28 aastane. Ma olen \u00fcles kasvanud L\u00f5una-Eestis, V\u00f5rumaal, S\u00e4nnas. Eesti on v\u00e4ike riik Baltimaades.<\/p>\n<div dir=\"auto\">\n<div dir=\"auto\">2018. aasta jaanuaris oli meil elukaaslasega raske autoavarii, kui vastassuunast tuleva autojuhi m\u00f6\u00f6das\u00f5it eba\u00f5nnestus kui ta riivas meie ees oleva auto k\u00fclge ning seej\u00e4rel tegi laupkokkup\u00f5rke meie s\u00f5idukiga. Kokku osalesid selles \u00f5nnetuses kolm s\u00f5idukit. Ma sain k\u00f5ige raskemad vigastused ja m\u00f5ned ka sellised, millele ei ole arstide s\u00f5nul lootust t\u00e4ielikule paranemisele.<\/div>\n<div dir=\"auto\">&nbsp;<\/div>\n<div dir=\"auto\">Kus ma olen t\u00e4nasel p\u00e4eval? Ma annan endast parima mis on minu v\u00f5imuses &#8211; kingin endale ja teistele, tehes iga p\u00e4ev mida enim armastan, l\u00e4bi enda kunsti positiivset emotsiooni. Ma usun, et meil k\u00f5igil on omamoodi valud. Kuid see ei pruugi t\u00e4hendada ilmtingimata l\u00f5putut kannatamist. Olen suutnud leida inspiratsiooni ka l\u00e4bi valu ja negatiivsete emotsioonide ning otsustan luua siia maailma pigem midagi uut ja erilist.<\/div>\n<div dir=\"auto\">&nbsp;<\/div>\n<div dir=\"auto\">See on v\u00e4\u00e4rtuslik \u00f5ppetund k\u00f5igile, kes endas kahtlevad. \u00c4rge kunagi uskuge kedagi teist rohkem, kui iseenda intuitsiooni. Tuleta meelde, et elu ei anna meile alati seda, mida me tahame, vaid teinekord seda, mida me vajame.<\/div>\n<\/div>\t\t\t\t\t\t\t\t<\/div>\n\t\t\t\t<\/div>\n\t\t\t\t<\/div>\n\t\t\t\t<\/div>\n\t\t<div class=\"elementor-element elementor-element-b430229 e-con-full e-flex e-con e-child\" data-id=\"b430229\" data-element_type=\"container\" data-e-type=\"container\" data-settings=\"{&quot;background_background&quot;:&quot;classic&quot;}\">\n\t\t\t\t<div class=\"elementor-element elementor-element-c586540 elementor-widget elementor-widget-spacer\" data-id=\"c586540\" data-element_type=\"widget\" data-e-type=\"widget\" data-widget_type=\"spacer.default\">\n\t\t\t\t<div class=\"elementor-widget-container\">\n\t\t\t\t\t\t\t<div class=\"elementor-spacer\">\n\t\t\t<div class=\"elementor-spacer-inner\"><\/div>\n\t\t<\/div>\n\t\t\t\t\t\t<\/div>\n\t\t\t\t<\/div>\n\t\t\t\t<\/div>\n\t\t<div class=\"elementor-element elementor-element-8dc8fe2 e-con-full e-flex e-con e-child\" data-id=\"8dc8fe2\" data-element_type=\"container\" data-e-type=\"container\" data-settings=\"{&quot;background_background&quot;:&quot;classic&quot;}\">\n\t\t\t\t<div class=\"elementor-element elementor-element-6a062cf elementor-widget elementor-widget-spacer\" data-id=\"6a062cf\" data-element_type=\"widget\" data-e-type=\"widget\" data-widget_type=\"spacer.default\">\n\t\t\t\t<div class=\"elementor-widget-container\">\n\t\t\t\t\t\t\t<div class=\"elementor-spacer\">\n\t\t\t<div class=\"elementor-spacer-inner\"><\/div>\n\t\t<\/div>\n\t\t\t\t\t\t<\/div>\n\t\t\t\t<\/div>\n\t\t\t\t<\/div>\n\t\t<div class=\"elementor-element elementor-element-5188bde e-con-full e-flex e-con e-child\" data-id=\"5188bde\" data-element_type=\"container\" data-e-type=\"container\" data-settings=\"{&quot;background_background&quot;:&quot;classic&quot;}\">\n\t\t<div class=\"elementor-element elementor-element-66813ed e-con-full e-flex e-con e-child\" data-id=\"66813ed\" data-element_type=\"container\" data-e-type=\"container\">\n\t\t\t\t<div class=\"elementor-element elementor-element-eddf2fb elementor-widget elementor-widget-heading\" data-id=\"eddf2fb\" data-element_type=\"widget\" data-e-type=\"widget\" data-widget_type=\"heading.default\">\n\t\t\t\t<div class=\"elementor-widget-container\">\n\t\t\t\t\t<h2 class=\"elementor-heading-title elementor-size-default\">Mu unistus<\/h2>\t\t\t\t<\/div>\n\t\t\t\t<\/div>\n\t\t\t\t<div class=\"elementor-element elementor-element-eab2b6c elementor-widget elementor-widget-text-editor\" data-id=\"eab2b6c\" data-element_type=\"widget\" data-e-type=\"widget\" data-widget_type=\"text-editor.default\">\n\t\t\t\t<div class=\"elementor-widget-container\">\n\t\t\t\t\t\t\t\t\t<div dir=\"auto\">Enne \u00f5nnetust oli minu salajane soov saada koreograafiks, et \u00fchendada rahvatants kaasaegsete tantsustiilidega. Tantsimine on mu suurim kirg t\u00e4naseni, kuigi ma seda teha enam ei saa. K\u00f5ige suurem vigastus oli mul jalal &#8211; vasaku jala kandluu oli t\u00e4ielikult killustunud. Mulle ehitati nullist plaatide, kruvide ja muude metallide abil doonurluust uus kandluu. Arstid \u00fctlesid, et j\u00e4\u00e4n ratastooli ja selle jalaga enam ei k\u00f5nni. T\u00e4naseks p\u00e4evaks olen suutnud ratastoolist loobuda ja k\u00f5nnin hetkel umbes 15 minutit v\u00f5i nii kuidas kannatan. Kuna haiglas olles tekkis mul ka raske haavand vigastatud jalale, siis sain ka teise raske diagnoosi ning tulevikus pean suuret\u00f5en\u00e4osusega seisma silmitsi ambuteerimisega. Proovin olla, aga bakteriga s\u00f5ber ja enda t\u00e4ielikule tervenemisele kindlaks j\u00e4\u00e4da.<\/div>\n<div dir=\"auto\"> <\/div>\n<div dir=\"auto\">\u00dchel \u00f5htul ei suutnud ma enam oma emotsioone taluda, nii et ostsin odavaimad akr\u00fc\u00fclv\u00e4rvid, l\u00f5uendi ja pintslid ning hakkasin lihtsalt maalima kuna sisetunne seda ajendas. Mul ei ole formaalselt kunstiharidust ja ma ei olnud varem maalinud. Kuigi m\u00e4letan, et mulle meeldis kooli ajal silmi joonistada. <\/div>\n<div dir=\"auto\">J\u00e4rgmisel p\u00e4eval oli l\u00f5uend t\u00e4idetud lilleaiaga ja ma m\u00f5istsin, et mu hinges on justkui lilleaed peidus. Ma hakkasin maalima just selle emotsiooni p\u00e4rast mis ma sain. M\u00f5istsin, et olen loomup\u00e4raselt tugev ja pean j\u00e4tkama. Ma olin \u00fcllatunud ja sain aru, et vaatamata sellele valule, saab endiselt luua midagi h\u00e4mmastavat ja ilusat. <\/div>\n<div dir=\"auto\"> <\/div>\n<div dir=\"auto\"> P\u00e4rast pikka eneseanal\u00fc\u00fcsimist ja regulaarset meditatsiooni, muutus minu visuaalne pilt aina paremaks ja avastasin, et tugev ja struktureeritud sisemine mina loobki tugeva tervikliku elu aluse. Maalimine aitab mul oma sisemist mina selgemini n\u00e4ha ja hoida. See annab mulle v\u00f5imaluse elada praeguses hetkes. M\u00e4lestused on minevikust ja ettekujutamine on tulevikus. Me kannatamegi kas m\u00e4lestuste v\u00f5i ettekujutamise tagaj\u00e4rjel. Enamus mu maalid tulevad mu enda ettekujutatud paikadest. Ma alustan tihti maalimist nii, et ei tea milline l\u00f5pptulemus v\u00e4lja n\u00e4eb. Just see teekond ja protsess ise on mulle oluline. L\u00f5pptulemus \u00fcllatab mind alati ja tekitab endale ka &#8220;wow&#8221; effekti. <\/div>\n<div dir=\"auto\"> <\/div>\n<div dir=\"auto\">Ma olen n\u00fc\u00fcdseks maalinud peaaegu kuus aastat. Ma olen kinkinud ja m\u00fc\u00fcnud palju maale. Olen saanud juba \u00fcle maailma toetajaid ja minu maale on ostetud k\u00f5ige rohkem just v\u00e4lismaalaste poolt. Enamus maale on t\u00e4naseks p\u00e4evaks Ameerika \u00dchendriikides v\u00f5i Inglismaal. Veel olen saatnud m\u00f5ned maalid , Austraaliasse ja isegi Uus-Meremaale. Samuti veel m\u00f5ned riigid Euroopas. \u00dcks maal on j\u00f5udnud isegi ka Alaskale. Paljud minu toetajad on \u00f6elnud, et minu maalidel on ka tervendav j\u00f5ud ja, et neil on isegi \u00e4revushoog v\u00f5i peavalu v\u00e4iksemaks l\u00e4inud. See annab ainult tegutsemistahet ja j\u00f5udu juurde. See on see mis teeb mind unikaalseks. Ma loon vaatamata sellele kuidas end tihti peale tunnen, ikka siia maailma midagi t\u00e4iesti uut ja erilist.<\/div>\n<div dir=\"auto\"> <\/div>\n<div dir=\"auto\"> K\u00fcmne aasta p\u00e4rast n\u00e4en end elamas metsa sees, v\u00e4ikses palkmajas, kus on ka minu v\u00e4ike kunstistuudio. Mulle meeldib just maal elada ning mu unistus on omada kodu, kus saaksin teha seda, milleks olen s\u00fcndinud ning elada v\u00f5imalikult valuvabalt. See v\u00f5ib olla suur v\u00e4ljakutse, kuid see on tulnud mind \u00f5petama midagi olulist. See on ka \u00fcks minu suurimatest eesm\u00e4rkidest &#8211; anda v\u00f5imalikult paljudele edasi s\u00fcgavamat teadmist ja tunnet, et elu s\u00fcgavaim ilu v\u00f5ib end peita lihtsuses ja v\u00e4\u00e4rtustes olla just siin ja praegu. <\/div>\n<div dir=\"auto\"> <\/div>\n<div dir=\"auto\">Peale \u00f5nnetust hakkasin enda keha rohkem v\u00e4\u00e4rtustama ja hindama ning hakkasin tegelema ka joogaga. N\u00fc\u00fcd m\u00f5istan, kui t\u00e4htis on arusaada, et haigused ja probleemid tulevad meie ellu teinekord v\u00e4ljakutsetena ja nad on meile justkui \u00f5nnistusteks, et saaksime kasvada inimestena t\u00e4isv\u00e4\u00e4rtuslikumaks. Kahjuks m\u00f5istavad inimesed seda teinekord alles siis, kui on k\u00f5igest sellest ilma j\u00e4\u00e4nud, mis oli neile varasemalt oluline. Elu ei ole<\/div>\n<div dir=\"auto\">kuidas me tahame, vaid kuidas me vajame. <\/div>\n<div dir=\"auto\"> <\/div>\n<div dir=\"auto\">Me k\u00f5ik peaksime m\u00f5tlema, miks elu meile neid korduvaid \u00f5ppetunde ette viskab ja miks need meile vajalikud on. Oma emotsioonide t\u00e4ielikuks vastuv\u00f5tmiseks ja terviklikuks elamiseks ning mitte enda sisemusega vastuollu minemiseks. Me peame m\u00e4rkama enne ja ei tohi lasta oma intelligentsusel meie endi vastu t\u00f6\u00f6tada. Enne kui ma alustasin maalimist, armastasin ka kirjutada. Ma v\u00f5in Teiega v\u00e4ikest l\u00f5iku jagada. M\u00f5tteaineks. Kuna Teie viimati end nii t\u00e4nasite?<\/div>\n\t\t\t\t\t\t\t\t<\/div>\n\t\t\t\t<\/div>\n\t\t\t\t<\/div>\n\t\t\t\t<\/div>\n\t\t<div class=\"elementor-element elementor-element-8a38676 e-con-full e-flex e-con e-child\" data-id=\"8a38676\" data-element_type=\"container\" data-e-type=\"container\" data-settings=\"{&quot;background_background&quot;:&quot;classic&quot;}\">\n\t\t\t\t<div class=\"elementor-element elementor-element-ccc29fe elementor-widget elementor-widget-heading\" data-id=\"ccc29fe\" data-element_type=\"widget\" data-e-type=\"widget\" data-widget_type=\"heading.default\">\n\t\t\t\t<div class=\"elementor-widget-container\">\n\t\t\t\t\t<h4 class=\"elementor-heading-title elementor-size-default\">Minu lugu<\/h4>\t\t\t\t<\/div>\n\t\t\t\t<\/div>\n\t\t\t\t<div class=\"elementor-element elementor-element-094b486 elementor-widget elementor-widget-text-editor\" data-id=\"094b486\" data-element_type=\"widget\" data-e-type=\"widget\" data-widget_type=\"text-editor.default\">\n\t\t\t\t<div class=\"elementor-widget-container\">\n\t\t\t\t\t\t\t\t\t<div dir=\"auto\">\n<div dir=\"auto\">Pole emotsiooni ega \u00fchtki m\u00f5tet. \u00dcks mikrohetk. T\u00e4ielik vaikus. Intensiivsem hingamine. Tasakaalu keskpunkti otsimine ja selle s\u00fcgavam tunnetamine. <\/p>\n<\/div>\n<div dir=\"auto\">Ma ei tunne midagi peale rahu. Rahu, mille nimel olen elanud. Lootes, et see hetk saabub. Hetk, mil ma ei tunne midagi muud kui p\u00fcsivat \u00f5nnetunnet. Hetk kui lasen enda m\u00f5tetel lennata ilma igasuguse vaevata. Mul on selge arusaam, kus olen p\u00e4rit, kus hetkel olen ja kuhu j\u00f5uda tahan.<\/p>\n<p> Pole enam m\u00f5tet, mis suudaks mind viia sinna puntki, kus olen olnud. Oskus kontrollida oma emotsioone, annab meile v\u00f5imaluse kontrollida suurt osa enda elust. See suhtumine on andnud mulle viimasel ajal parimad v\u00f5imalikud valikud. Me ei saa kontrollida k\u00f5ike mis meiega juhtub, aga me saame kontrollida kuidas sellele reageerime. Suur osa on suunatav. Enamus v\u00e4ljakutseid satuvad meie teele, et m\u00f5istaksime meie endi vanu uskumusi ja t\u00f5ekspidamisi. Me oleme justkui peeglid \u00fcksteisele. Me peame l\u00e4bi l\u00f5ikama k\u00f5ik vanad uskumused ja eelarvamused. <\/div>\n<div dir=\"auto\">Vahepeal peame panema end ebamugavatesse olukordadesse ja alles seej\u00e4rel saame kohaneda ning enda elu ja m\u00f5tteviisi muuta. Nagu k\u00fclmad vannid, talisuplus, negatiivsete emotsioonidega silmitsi seismine, nende aktsepteerimine ja neist lahti laskmine ning enda ja teistele andestamine, tundub raske, kuid tunne, mida saad, kui surud end sellest l\u00e4bi &#8211; v\u00f5ib olla elumuutev. See v\u00f5ib \u00f5petada meile v\u00e4ga palju. Hirmu emotsioon. Sundides oma keha mugavustsoonist v\u00e4lja, alles siis see muutub vastupidavaks ja kohaneb ka meie m\u00f5tteviisiga. <\/p>\n<\/div>\n<div dir=\"auto\">Oma keha ja meele tervendamiseks peaksime nendele emotsioonidele vastu astuma ja siis saame l\u00f5puks m\u00f5ista elu s\u00fcgavamat t\u00e4hendust. T\u00e4ielikult hinnata kartmata. Meil peab olema piisavalt tahet, et sundida oma meelt l\u00f5hkuma ning piire, mille oleme ise endale seadnud. See on ainult mugavus, mis survestab meid \u00fcha s\u00fcgavamale ja s\u00fcgavamale raamistikust, mille oleme loonud. Inimesed on v\u00f5imelised kohanema k\u00f5igega. Isegi kui su meel on stressirohkes seisundis ja ka siis kui see on rahulik. <\/p>\n<p>Olen uhke, et olen suutnud ennast selle stressirohke aja jooksul piisavalt ravida, nii et enam ei tundu &#8220;maailma vastu v\u00f5itlemine&#8221; nagu lainete vastu ujumine, vaid pigem rahulikult eluga kaasa triivimine. Enam pole neid v\u00e4lja m\u00f5eldud k\u00e4\u00e4nulisi teid ja tee on palju sirgem kui varem &#8211; kui ma tundsin, et v\u00f5itlesin isegi elu enda vastu Ma lasen end sujuvalt kanda, elu ilus ja valus, ilma vastupanuta. See on ainus, mis on minu v\u00f5imuses. <\/p>\n<p>K\u00f5ik meie \u00fcmber on nii kiire ja k\u00f5ik otsivad midagi enamat. Midagi, mis muudaks elu veelgi v\u00e4\u00e4rtuslikumaks. V\u00f5tan hetke, et aru saada, et see koht, kuhu k\u00f5ik \u00fcritavad j\u00f5uda, see eksisteerib juba praegu &#8211; siin. T\u00e4nan K\u00e4rolyn. Oled vastu pidanud ja \u00fcletanud juba suurema osa oma elu \u00fcmbritsevatest v\u00e4ljakutsetest ja seda selleks, et m\u00f5ista, et kodu on seal, kus oled sina. Ma suutsin lasta lahti reaalsusest, mille olin lapsep\u00f5lvest saati endasse kodeerinud. <\/p>\n<\/div>\n<div dir=\"auto\">Seal kus on elu, olen ka mina. Ma ei j\u00f5udnud kohale, olen siin kogu aeg olnud. Olen j\u00f5udnud s\u00fcgavamatele teadmistele juba v\u00e4ga noorena, mis m\u00f5jutavad kogu minu j\u00e4rgnevat elu. Loobudes enda loodud uskumustest ja arvamustest, olen justkui v\u00f5imeline l\u00e4bi libisema elu keerukusest ja n\u00e4gema tervikpilti palju positiivsemast perspektiivist, kui oleksin kunagi ette kujutanud. Ma murdsin iseenda loodud raamistiku ja vabastasin end. Ait\u00e4h, ma armastan ennast t\u00e4ielikult ja k\u00f5ike, mis mind \u00fcmbritseb.<\/div>\n<div dir=\"auto\"> <\/div>\n<div dir=\"auto\">Kaasa arvatud minu tugevusi ja n\u00f5rkusi, mille kaudu toimub pidev areng, uue loomine ja s\u00fcnd.<\/div>\n<\/div>\n\t\t\t\t\t\t\t\t<\/div>\n\t\t\t\t<\/div>\n\t\t\t\t<div class=\"elementor-element elementor-element-b1fb357 elementor-button-outline elementor-align-left elementor-widget elementor-widget-button\" data-id=\"b1fb357\" data-element_type=\"widget\" data-e-type=\"widget\" data-widget_type=\"button.default\">\n\t\t\t\t<div class=\"elementor-widget-container\">\n\t\t\t\t\t\t\t\t\t<div class=\"elementor-button-wrapper\">\n\t\t\t\t\t<a class=\"elementor-button elementor-button-link elementor-size-sm\" href=\"https:\/\/karolynhuum.com\/shop\/\">\n\t\t\t\t\t\t<span class=\"elementor-button-content-wrapper\">\n\t\t\t\t\t\t<span class=\"elementor-button-icon\">\n\t\t\t\t<i aria-hidden=\"true\" class=\"postero-icon- postero-icon-chevron-right\"><\/i>\t\t\t<\/span>\n\t\t\t\t\t\t\t\t\t<span class=\"elementor-button-text\">Koopiatr\u00fckised<\/span>\n\t\t\t\t\t<\/span>\n\t\t\t\t\t<\/a>\n\t\t\t\t<\/div>\n\t\t\t\t\t\t\t\t<\/div>\n\t\t\t\t<\/div>\n\t\t\t\t<\/div>\n\t\t<div class=\"elementor-element elementor-element-b40e6af e-con-full e-flex e-con e-child\" data-id=\"b40e6af\" data-element_type=\"container\" data-e-type=\"container\" data-settings=\"{&quot;background_background&quot;:&quot;classic&quot;}\">\n\t\t\t\t<div class=\"elementor-element elementor-element-1208e2f elementor-widget elementor-widget-spacer\" data-id=\"1208e2f\" data-element_type=\"widget\" data-e-type=\"widget\" data-widget_type=\"spacer.default\">\n\t\t\t\t<div class=\"elementor-widget-container\">\n\t\t\t\t\t\t\t<div class=\"elementor-spacer\">\n\t\t\t<div class=\"elementor-spacer-inner\"><\/div>\n\t\t<\/div>\n\t\t\t\t\t\t<\/div>\n\t\t\t\t<\/div>\n\t\t\t\t<\/div>\n\t\t\t\t\t<\/div>\n\t\t\t\t<\/div>\n\t\t\t\t<\/div>\n\t\t","protected":false},"excerpt":{"rendered":"<p>Kunstnikust endast \u201d I believe that we all have some kind of pain. However, this does not necessarily mean suffering. I use my negative emotions and pain and create something beautiful into this World instead.\u201d K\u00e4rolyn Huum The Artist Koopiad K\u00e4rolyni lugu Minu nimi on K\u00e4rolyn Huum ja ma olen ise\u00f5ppinud kunstnik. S\u00fcndisin 17. mail [&hellip;]<\/p>\n","protected":false},"author":1,"featured_media":0,"parent":0,"menu_order":0,"comment_status":"closed","ping_status":"closed","template":"elementor_header_footer","meta":{"footnotes":""},"class_list":["post-7631","page","type-page","status-publish","hentry"],"_links":{"self":[{"href":"https:\/\/karolynhuum.com\/et\/wp-json\/wp\/v2\/pages\/7631","targetHints":{"allow":["GET"]}}],"collection":[{"href":"https:\/\/karolynhuum.com\/et\/wp-json\/wp\/v2\/pages"}],"about":[{"href":"https:\/\/karolynhuum.com\/et\/wp-json\/wp\/v2\/types\/page"}],"author":[{"embeddable":true,"href":"https:\/\/karolynhuum.com\/et\/wp-json\/wp\/v2\/users\/1"}],"replies":[{"embeddable":true,"href":"https:\/\/karolynhuum.com\/et\/wp-json\/wp\/v2\/comments?post=7631"}],"version-history":[{"count":5,"href":"https:\/\/karolynhuum.com\/et\/wp-json\/wp\/v2\/pages\/7631\/revisions"}],"predecessor-version":[{"id":8939,"href":"https:\/\/karolynhuum.com\/et\/wp-json\/wp\/v2\/pages\/7631\/revisions\/8939"}],"wp:attachment":[{"href":"https:\/\/karolynhuum.com\/et\/wp-json\/wp\/v2\/media?parent=7631"}],"curies":[{"name":"wp","href":"https:\/\/api.w.org\/{rel}","templated":true}]}}